{"id":427,"date":"2020-02-14T19:52:09","date_gmt":"2020-02-14T19:52:09","guid":{"rendered":"http:\/\/webredox.net\/demo\/wp\/waal\/dummy-page-copy\/"},"modified":"2020-03-13T12:48:05","modified_gmt":"2020-03-13T12:48:05","slug":"dummy-page-modern","status":"publish","type":"page","link":"https:\/\/casosclinicospatologia.fmvz.unam.mx\/","title":{"rendered":"Bienvenidos"},"content":{"rendered":"[vc_row row_type=&#8221;sec2&#8243;][vc_column width=&#8221;1\/2&#8243;]<div class=\"split-box-image col-lg-6 bg-image lazy\" data-src=\"https:\/\/casosclinicospatologia.fmvz.unam.mx\/wp-content\/uploads\/2015\/06\/microscopio3bn-scaled.jpg\"><div class=\"split-box-image-height padding-height-60\"><\/div><\/div>[\/vc_column][vc_column width=&#8221;1\/2&#8243;][wr_vc_texts title=&#8221;Proyecto PAPIME&#8221; subtitle=&#8221;INTEGRACI\u00d3N DE CASOS CL\u00cdNICOS EN FORMATO ELECTR\u00d3NICO PARA EL DESARROLLO DE HABILIDADES DIAGN\u00d3STICAS EN ESTUDIANTES DE MEDICINA VETERINARIA Y ZOOTECNIA&#8221; content_text=&#8221;El estudio de la patolog\u00eda veterinaria es fundamental en la formaci\u00f3n del M\u00e9dico Veterinario Zootecnista. Permite la comprensi\u00f3n y aplicaci\u00f3n de las principales herramientas para el diagn\u00f3stico de enfermedades en los animales, mediante el uso de t\u00e9cnicas convencionales y especiales, con las que explica los por qu\u00e9 de los signos cl\u00ednicos manifestados por los pacientes. Representa tambi\u00e9n un elemento de control de calidad y de formaci\u00f3n de la pr\u00e1ctica cl\u00ednica y, por s\u00ed misma, constituye una importante \u00e1rea de investigaci\u00f3n dentro de las ciencias veterinarias, pues tiene un gran impacto en el dise\u00f1o de tratamientos, programas de prevenci\u00f3n y control de enfermedades en animales dom\u00e9sticos y silvestres.&#8221;][\/wr_vc_texts][\/vc_column][\/vc_row][vc_row row_type=&#8221;sec2&#8243;][vc_column width=&#8221;1\/2&#8243;]<div class=\"split-box-image col-lg-6 bg-image lazy\" data-src=\"https:\/\/casosclinicospatologia.fmvz.unam.mx\/wp-content\/uploads\/2019\/12\/IMG-ME4OK-1.jpg\"><div class=\"split-box-image-height padding-height-60\"><\/div><\/div><div class=\"split-box-image col-lg-6 bg-image lazy\" data-src=\"https:\/\/casosclinicospatologia.fmvz.unam.mx\/wp-content\/uploads\/2019\/11\/gato01.jpg\"><div class=\"split-box-image-height padding-height-75\"><\/div><\/div>[\/vc_column][vc_column width=&#8221;1\/2&#8243;][wr_vc_texts column_order=&#8221;order-lg-first&#8221; content_text=&#8221;La patolog\u00eda veterinaria tradicionalmente se ha dividido en distintas disciplinas, entre las que sobresalen la anatomopatolog\u00eda y la patolog\u00eda cl\u00ednica. La Patolog\u00eda Cl\u00ednica es una herramienta de diagn\u00f3stico importante en la pr\u00e1ctica cl\u00ednica, ya que por medio de pruebas de hematolog\u00eda, bioqu\u00edmica cl\u00ednica, urian\u00e1lisis y endocrinolog\u00eda, se detectan enfermedades subcl\u00ednicas o cl\u00ednicas, que permiten a los m\u00e9dicos establecer tratamientos adecuados; adem\u00e1s, es \u00fatil para determinar el estado de salud o la respuesta a tratamientos. Por su lado, la anatomopatolog\u00eda incluye una amplia variedad de campos, como son las necropsias, histopatolog\u00eda, citolog\u00eda, inmunohistoqu\u00edmica, biolog\u00eda molecular, toxicolog\u00eda, patolog\u00eda oncol\u00f3gica, etc., que permiten comprender la patogenia e identificar los cambios morfol\u00f3gicos de las enfermedades m\u00e1s comunes en los animales.&#8221;][\/wr_vc_texts][wr_vc_texts content_text=&#8221;La integraci\u00f3n de ambas disciplinas, su correlaci\u00f3n y aplicaci\u00f3n adecuada, est\u00e1 dirigida a la verificaci\u00f3n del estado de salud y a la soluci\u00f3n de problemas cl\u00ednicos de las diferentes especies animales, por lo que fortalecer las competencias del estudiante para conocer las diferentes t\u00e9cnicas de laboratorio, as\u00ed como su interpretaci\u00f3n en casos cl\u00ednicos, es de suma importancia en la formaci\u00f3n del M\u00e9dico Veterinario Zootecnista.<br \/>\nEl objetivo de este proyecto fue desarrollar una plataforma electr\u00f3nica interactiva para la integraci\u00f3n de casos cl\u00ednicos de diferentes especies animales, que permita a los estudiantes de la carrera de Medicina Veterinaria y Zootecnia, desarrollar habilidades para el abordaje cl\u00ednico y el diagn\u00f3stico correcto de las enfermedades.<\/p>\n<p>Dra. Laura Romero Romero<br \/>\nResponsable del proyecto<br \/>\n&#8220;][\/wr_vc_texts][\/vc_column][\/vc_row]\n","protected":false},"excerpt":{"rendered":"<p>[vc_row row_type=&#8221;sec2&#8243;][vc_column width=&#8221;1\/2&#8243;][\/vc_column][vc_column width=&#8221;1\/2&#8243;][wr_vc_texts title=&#8221;Proyecto PAPIME&#8221; subtitle=&#8221;INTEGRACI\u00d3N DE CASOS CL\u00cdNICOS EN FORMATO ELECTR\u00d3NICO PARA EL DESARROLLO DE HABILIDADES DIAGN\u00d3STICAS EN ESTUDIANTES DE&#8230;<\/p>\n","protected":false},"author":1,"featured_media":3916,"parent":0,"menu_order":0,"comment_status":"closed","ping_status":"closed","template":"","meta":{"footnotes":""},"_links":{"self":[{"href":"https:\/\/casosclinicospatologia.fmvz.unam.mx\/index.php?rest_route=\/wp\/v2\/pages\/427"}],"collection":[{"href":"https:\/\/casosclinicospatologia.fmvz.unam.mx\/index.php?rest_route=\/wp\/v2\/pages"}],"about":[{"href":"https:\/\/casosclinicospatologia.fmvz.unam.mx\/index.php?rest_route=\/wp\/v2\/types\/page"}],"author":[{"embeddable":true,"href":"https:\/\/casosclinicospatologia.fmvz.unam.mx\/index.php?rest_route=\/wp\/v2\/users\/1"}],"replies":[{"embeddable":true,"href":"https:\/\/casosclinicospatologia.fmvz.unam.mx\/index.php?rest_route=%2Fwp%2Fv2%2Fcomments&post=427"}],"version-history":[{"count":1,"href":"https:\/\/casosclinicospatologia.fmvz.unam.mx\/index.php?rest_route=\/wp\/v2\/pages\/427\/revisions"}],"predecessor-version":[{"id":4181,"href":"https:\/\/casosclinicospatologia.fmvz.unam.mx\/index.php?rest_route=\/wp\/v2\/pages\/427\/revisions\/4181"}],"wp:featuredmedia":[{"embeddable":true,"href":"https:\/\/casosclinicospatologia.fmvz.unam.mx\/index.php?rest_route=\/wp\/v2\/media\/3916"}],"wp:attachment":[{"href":"https:\/\/casosclinicospatologia.fmvz.unam.mx\/index.php?rest_route=%2Fwp%2Fv2%2Fmedia&parent=427"}],"curies":[{"name":"wp","href":"https:\/\/api.w.org\/{rel}","templated":true}]}}